{"id":3557,"date":"2024-10-08T05:35:08","date_gmt":"2024-10-08T05:35:08","guid":{"rendered":"https:\/\/grow-collection.com\/?page_id=3557"},"modified":"2024-10-08T05:37:49","modified_gmt":"2024-10-08T05:37:49","slug":"politique-de-confidentialites","status":"publish","type":"page","link":"https:\/\/grow-collection.com\/en\/politique-de-confidentialites","title":{"rendered":"Privacy policy"},"content":{"rendered":"<div data-elementor-type=\"wp-page\" data-elementor-id=\"3557\" class=\"elementor elementor-3557\" data-elementor-post-type=\"page\">\n\t\t\t\t\t\t\t<div class=\"elementor-element elementor-element-d3cbce1 e-flex e-con-boxed kitify-col-width-auto-no ignore-docs-style-no kitify-disable-relative-no e-root-container elementor-top-section e-con e-parent\" data-id=\"d3cbce1\" data-element_type=\"container\" data-settings=\"{&quot;content_width&quot;:&quot;boxed&quot;}\" data-core-v316-plus=\"true\">\n\t\t\t\t\t<div class=\"e-con-inner\">\n\t\t\t\t<div class=\"elementor-element elementor-element-1f3cc3e elementor-heading-title elementor-widget-tablet__width-initial elementor-widget__width-initial elementor-widget elementor-widget-text-editor\" data-id=\"1f3cc3e\" data-element_type=\"widget\" data-widget_type=\"text-editor.default\">\n\t\t\t\t<div class=\"elementor-widget-container\">\n\t\t\t<style>\/*! elementor - v3.18.0 - 08-12-2023 *\/\n.elementor-widget-text-editor.elementor-drop-cap-view-stacked .elementor-drop-cap{background-color:#69727d;color:#fff}.elementor-widget-text-editor.elementor-drop-cap-view-framed .elementor-drop-cap{color:#69727d;border:3px solid;background-color:transparent}.elementor-widget-text-editor:not(.elementor-drop-cap-view-default) .elementor-drop-cap{margin-top:8px}.elementor-widget-text-editor:not(.elementor-drop-cap-view-default) .elementor-drop-cap-letter{width:1em;height:1em}.elementor-widget-text-editor .elementor-drop-cap{float:left;text-align:center;line-height:1;font-size:50px}.elementor-widget-text-editor .elementor-drop-cap-letter{display:inline-block}<\/style>\t\t\t\t<p>Cette politique de confidentialit\u00e9 d\u00e9crit les politiques de GROW360, 125 Av. Louis Roche, 92230 Gennevilliers, Gennevilliers 92230, France, Email : <a href=\"mailto:contact@grow360.fr\">contact@grow360.fr<\/a>, Tel : <a href=\"tel:0175331727\">0175331727<\/a> sur la collecte, l&rsquo;utilisation et la divulgation des informations que nous recueillons lorsque vous utilisez notre site Web (<a href=\"https:\/\/grow-collection.com\/en\/\">https:\/\/grow-collection.com\/<\/a>). (le \u00ab\u00a0Service\u00a0\u00bb). En acc\u00e9dant au Service ou en l&rsquo;utilisant, vous consentez \u00e0 la collecte, \u00e0 l&rsquo;utilisation et \u00e0 la divulgation de vos informations conform\u00e9ment \u00e0 la pr\u00e9sente politique de confidentialit\u00e9. Si vous n&rsquo;y consentez pas, veuillez ne pas acc\u00e9der au service ni l&rsquo;utiliser.<\/p><p>Nous pouvons modifier la pr\u00e9sente politique de confidentialit\u00e9 \u00e0 tout moment sans vous en informer au pr\u00e9alable et nous publierons la politique de confidentialit\u00e9 r\u00e9vis\u00e9e sur le service. La politique r\u00e9vis\u00e9e entrera en vigueur 180 jours apr\u00e8s sa publication dans le service et votre acc\u00e8s ou utilisation continue du service apr\u00e8s cette date constituera votre acceptation de la politique de confidentialit\u00e9 r\u00e9vis\u00e9e. Nous vous recommandons donc de consulter r\u00e9guli\u00e8rement cette page.<\/p><p><span class=\"mention\">1 \u2013 LES INFORMATIONS QUE NOUS RECUEILLONS :<\/span><\/p><p>Nous collecterons et traiterons les informations personnelles suivantes vous concernant :<\/p><ul class=\"privacy-policy-ol\"><li>First and last name<\/li><li>Sexe<\/li><li>Courriel<\/li><li>T\u00e9l\u00e9phone portable<\/li><li>Adresse<\/li><li>Situation professionnelle<\/li><\/ul><p><span class=\"mention\">2 \u2013 COMMENT NOUS UTILISONS VOS INFORMATIONS :<\/span><\/p><p>Nous utiliserons les informations que nous recueillons \u00e0 votre sujet aux fins suivantes :<\/p><ul><li>Collecte d&rsquo;informations de contact<\/li><\/ul><p>Si nous voulons utiliser vos informations \u00e0 d&rsquo;autres fins, nous vous demanderons votre consentement et nous n&rsquo;utiliserons vos informations qu&rsquo;apr\u00e8s avoir re\u00e7u votre consentement et, dans ce cas, uniquement aux fins pour lesquelles vous avez donn\u00e9 votre consentement, sauf si la loi nous oblige \u00e0 faire autrement.<\/p><p><span class=\"mention\">3 \u2013 LA CONSERVATION DE VOS INFORMATIONS :<\/span><\/p><p>Nous conserverons vos informations personnelles pendant 90 jours \u00e0 2 ans apr\u00e8s que les comptes d&rsquo;utilisateurs soient rest\u00e9s inactifs ou aussi longtemps que nous en aurons besoin pour atteindre les objectifs pour lesquels elles ont \u00e9t\u00e9 collect\u00e9es, comme indiqu\u00e9 dans la pr\u00e9sente politique de protection de la vie priv\u00e9e. Il se peut que nous devions conserver certaines informations pendant des p\u00e9riodes plus longues, par exemple pour la tenue de registres ou l&rsquo;\u00e9tablissement de rapports conform\u00e9ment \u00e0 la l\u00e9gislation applicable ou pour d&rsquo;autres raisons l\u00e9gitimes telles que l&rsquo;application de droits l\u00e9gaux, la pr\u00e9vention de la fraude, etc. Les informations anonymes r\u00e9siduelles et les informations agr\u00e9g\u00e9es, qui ne permettent pas de vous identifier (directement ou indirectement), peuvent \u00eatre stock\u00e9es ind\u00e9finiment.<\/p><p><span class=\"mention\">4 \u2013 VOS DROITS :<\/span><\/p><p>En fonction de la l\u00e9gislation applicable, vous pouvez avoir un droit d&rsquo;acc\u00e8s et de rectification ou d&rsquo;effacement de vos donn\u00e9es \u00e0 caract\u00e8re personnel ou recevoir une copie de vos donn\u00e9es \u00e0 caract\u00e8re personnel, restreindre le traitement actif de vos donn\u00e9es ou vous y opposer, nous demander de partager (portage) vos donn\u00e9es \u00e0 caract\u00e8re personnel avec une autre entit\u00e9, retirer tout consentement que vous nous avez donn\u00e9 pour traiter vos donn\u00e9es, un droit de d\u00e9poser une plainte aupr\u00e8s d&rsquo;une autorit\u00e9 statutaire et tout autre droit pertinent en vertu de la l\u00e9gislation applicable. Pour exercer ces droits, vous pouvez nous \u00e9crire \u00e0 <a href=\"mailto:contact@grow360.fr\">contact@grow360.fr<\/a>. Nous r\u00e9pondrons \u00e0 votre demande conform\u00e9ment \u00e0 la l\u00e9gislation applicable.<\/p><p>Vous pouvez refuser les communications de marketing direct ou le profilage que nous effectuons \u00e0 des fins de marketing en nous \u00e9crivant \u00e0 l&rsquo;adresse <a href=\"mailto:contact@grow360.fr\">contact@grow360.fr<\/a>.<\/p><p>Veuillez noter que si vous ne nous autorisez pas \u00e0 collecter ou \u00e0 traiter les informations personnelles requises ou si vous retirez votre consentement au traitement de ces informations aux fins requises, il se peut que vous ne puissiez pas acc\u00e9der aux services pour lesquels vos informations ont \u00e9t\u00e9 demand\u00e9es, ni les utiliser.<\/p><p><span class=\"mention\">5 \u2013 COOKIES ETC.<\/span><\/p><p>Pour en savoir plus sur la mani\u00e8re dont nous utilisons ces technologies et sur les choix qui s&rsquo;offrent \u00e0 vous en ce qui concerne ces technologies de suivi, veuillez consulter notre <a href=\"https:\/\/grow-collection.com\/en\/politique-des-cookies\/\"><span style=\"text-decoration: underline;\">politique des cookies<\/span><\/a>.<\/p><p><span class=\"mention\">6 \u2013 S\u00c9CURIT\u00c9 :<\/span><\/p><p>La s\u00e9curit\u00e9 de vos informations est importante pour nous et nous utiliserons des mesures de s\u00e9curit\u00e9 raisonnables pour emp\u00eacher la perte, l&rsquo;utilisation abusive ou la modification non autoris\u00e9e de vos informations sous notre contr\u00f4le. Toutefois, compte tenu des risques inh\u00e9rents, nous ne pouvons pas garantir une s\u00e9curit\u00e9 absolue et, par cons\u00e9quent, nous ne pouvons pas assurer ou garantir la s\u00e9curit\u00e9 des informations que vous nous transmettez et vous le faites \u00e0 vos propres risques.<\/p><p><span class=\"mention\">7 \u2013 LIENS AVEC DES TIERS ET UTILISATION DE VOS INFORMATIONS :<\/span><\/p><p>Notre service peut contenir des liens vers d&rsquo;autres sites web qui ne sont pas exploit\u00e9s par nous. La pr\u00e9sente politique de confidentialit\u00e9 ne traite pas de la politique de confidentialit\u00e9 et des autres pratiques des tiers, y compris des tiers exploitant un site web ou un service accessible par un lien sur le service. Nous vous conseillons vivement de consulter la politique de confidentialit\u00e9 de chaque site que vous visitez. Nous n&rsquo;avons aucun contr\u00f4le sur le contenu, les politiques de confidentialit\u00e9 ou les pratiques des sites ou services tiers et n&rsquo;assumons aucune responsabilit\u00e9 \u00e0 cet \u00e9gard.<\/p><p><span class=\"mention\">8 \u2013 RESPONSABLE DES GRIEFS \/ DE LA PROTECTION DES DONN\u00c9ES :<\/span><\/p><p>Si vous avez des questions ou des pr\u00e9occupations concernant le traitement de vos informations disponibles chez nous, vous pouvez envoyer un courriel \u00e0 notre Grievance Officer \u00e0 GROW360, 125 Av. Louis Roche, 92230 Gennevilliers, e-mail : <a href=\"mailto:contact@grow360.fr\">contact@grow360.fr<\/a>. Nous r\u00e9pondrons \u00e0 vos pr\u00e9occupations conform\u00e9ment \u00e0 la loi applicable.<\/p>\t\t\t\t\t\t<\/div>\n\t\t\t\t<\/div>\n\t\t\t\t\t<\/div>\n\t\t\t\t<\/div>\n\t\t\t\t\t\t\t<\/div>","protected":false},"excerpt":{"rendered":"<p>Cette politique de confidentialit\u00e9 d\u00e9crit les politiques de GROW360, 125 Av. Louis Roche, 92230 Gennevilliers, Gennevilliers 92230, France, Email : contact@grow360.fr, Tel : 0175331727 sur la collecte, l&rsquo;utilisation et la divulgation des informations que nous recueillons lorsque vous utilisez notre site Web (https:\/\/grow-collection.com\/). (le \u00ab\u00a0Service\u00a0\u00bb). En acc\u00e9dant au Service ou en l&rsquo;utilisant, vous consentez \u00e0 la collecte, \u00e0 l&rsquo;utilisation et\u2026<\/p>","protected":false},"author":1,"featured_media":0,"parent":0,"menu_order":0,"comment_status":"closed","ping_status":"closed","template":"elementor_theme","meta":{"footnotes":""},"class_list":["post-3557","page","type-page","status-publish","hentry"],"yoast_head":"<!-- This site is optimized with the Yoast SEO plugin v24.2 - https:\/\/yoast.com\/wordpress\/plugins\/seo\/ -->\n<title>Politique de confidentialit\u00e9s | Grow Collection<\/title>\n<meta name=\"robots\" content=\"index, follow, max-snippet:-1, max-image-preview:large, max-video-preview:-1\" \/>\n<link rel=\"canonical\" href=\"https:\/\/grow-collection.com\/en\/politique-de-confidentialites\/\" \/>\n<meta property=\"og:locale\" content=\"en_US\" \/>\n<meta property=\"og:type\" content=\"article\" \/>\n<meta property=\"og:title\" content=\"Politique de confidentialit\u00e9s | Grow Collection\" \/>\n<meta property=\"og:description\" content=\"Cette politique de confidentialit\u00e9 d\u00e9crit les politiques de GROW360, 125 Av. Louis Roche, 92230 Gennevilliers, Gennevilliers 92230, France, Email : contact@grow360.fr, Tel : 0175331727 sur la collecte, l&rsquo;utilisation et la divulgation des informations que nous recueillons lorsque vous utilisez notre site Web (https:\/\/grow-collection.com\/). (le \u00ab\u00a0Service\u00a0\u00bb). En acc\u00e9dant au Service ou en l&rsquo;utilisant, vous consentez \u00e0 la collecte, \u00e0 l&rsquo;utilisation et\u2026\" \/>\n<meta property=\"og:url\" content=\"https:\/\/grow-collection.com\/en\/politique-de-confidentialites\/\" \/>\n<meta property=\"og:site_name\" content=\"Grow Collection\" \/>\n<meta property=\"article:modified_time\" content=\"2024-10-08T05:37:49+00:00\" \/>\n<meta property=\"og:image\" content=\"https:\/\/grow-collection.com\/wp-content\/uploads\/2023\/12\/cropped-grow-collection-favicon.png\" \/>\n\t<meta property=\"og:image:width\" content=\"512\" \/>\n\t<meta property=\"og:image:height\" content=\"512\" \/>\n\t<meta property=\"og:image:type\" content=\"image\/png\" \/>\n<meta name=\"twitter:card\" content=\"summary_large_image\" \/>\n<meta name=\"twitter:label1\" content=\"Est. reading time\" \/>\n\t<meta name=\"twitter:data1\" content=\"5 minutes\" \/>\n<!-- \/ Yoast SEO plugin. -->","yoast_head_json":{"title":"Politique de confidentialit\u00e9s | Grow Collection","robots":{"index":"index","follow":"follow","max-snippet":"max-snippet:-1","max-image-preview":"max-image-preview:large","max-video-preview":"max-video-preview:-1"},"canonical":"https:\/\/grow-collection.com\/en\/politique-de-confidentialites\/","og_locale":"en_US","og_type":"article","og_title":"Politique de confidentialit\u00e9s | Grow Collection","og_description":"Cette politique de confidentialit\u00e9 d\u00e9crit les politiques de GROW360, 125 Av. Louis Roche, 92230 Gennevilliers, Gennevilliers 92230, France, Email : contact@grow360.fr, Tel : 0175331727 sur la collecte, l&rsquo;utilisation et la divulgation des informations que nous recueillons lorsque vous utilisez notre site Web (https:\/\/grow-collection.com\/). (le \u00ab\u00a0Service\u00a0\u00bb). En acc\u00e9dant au Service ou en l&rsquo;utilisant, vous consentez \u00e0 la collecte, \u00e0 l&rsquo;utilisation et\u2026","og_url":"https:\/\/grow-collection.com\/en\/politique-de-confidentialites\/","og_site_name":"Grow Collection","article_modified_time":"2024-10-08T05:37:49+00:00","og_image":[{"width":512,"height":512,"url":"https:\/\/grow-collection.com\/wp-content\/uploads\/2023\/12\/cropped-grow-collection-favicon.png","type":"image\/png"}],"twitter_card":"summary_large_image","twitter_misc":{"Est. reading time":"5 minutes"},"schema":{"@context":"https:\/\/schema.org","@graph":[{"@type":"WebPage","@id":"https:\/\/grow-collection.com\/politique-de-confidentialites","url":"https:\/\/grow-collection.com\/politique-de-confidentialites","name":"Politique de confidentialit\u00e9s | Grow Collection","isPartOf":{"@id":"https:\/\/grow-collection.com\/#website"},"datePublished":"2024-10-08T05:35:08+00:00","dateModified":"2024-10-08T05:37:49+00:00","breadcrumb":{"@id":"https:\/\/grow-collection.com\/politique-de-confidentialites#breadcrumb"},"inLanguage":"en-US","potentialAction":[{"@type":"ReadAction","target":["https:\/\/grow-collection.com\/politique-de-confidentialites"]}]},{"@type":"BreadcrumbList","@id":"https:\/\/grow-collection.com\/politique-de-confidentialites#breadcrumb","itemListElement":[{"@type":"ListItem","position":1,"name":"Accueil","item":"https:\/\/grow-collection.com\/"},{"@type":"ListItem","position":2,"name":"Politique de confidentialit\u00e9s"}]},{"@type":"WebSite","@id":"https:\/\/grow-collection.com\/#website","url":"https:\/\/grow-collection.com\/","name":"GROW COLLECTION","description":"Elevate your Style, Elevate your Destiny.","publisher":{"@id":"https:\/\/grow-collection.com\/#organization"},"alternateName":"Grow Collection","potentialAction":[{"@type":"SearchAction","target":{"@type":"EntryPoint","urlTemplate":"https:\/\/grow-collection.com\/?s={search_term_string}"},"query-input":{"@type":"PropertyValueSpecification","valueRequired":true,"valueName":"search_term_string"}}],"inLanguage":"en-US"},{"@type":"Organization","@id":"https:\/\/grow-collection.com\/#organization","name":"GROW COLLECTION","url":"https:\/\/grow-collection.com\/","logo":{"@type":"ImageObject","inLanguage":"en-US","@id":"https:\/\/grow-collection.com\/#\/schema\/logo\/image\/","url":"https:\/\/grow-collection.com\/wp-content\/uploads\/2025\/01\/favicon.svg","contentUrl":"https:\/\/grow-collection.com\/wp-content\/uploads\/2025\/01\/favicon.svg","width":512,"height":512,"caption":"GROW COLLECTION"},"image":{"@id":"https:\/\/grow-collection.com\/#\/schema\/logo\/image\/"},"sameAs":["https:\/\/www.instagram.com\/grow_collection.fr"]}]}},"_links":{"self":[{"href":"https:\/\/grow-collection.com\/en\/wp-json\/wp\/v2\/pages\/3557","targetHints":{"allow":["GET"]}}],"collection":[{"href":"https:\/\/grow-collection.com\/en\/wp-json\/wp\/v2\/pages"}],"about":[{"href":"https:\/\/grow-collection.com\/en\/wp-json\/wp\/v2\/types\/page"}],"author":[{"embeddable":true,"href":"https:\/\/grow-collection.com\/en\/wp-json\/wp\/v2\/users\/1"}],"replies":[{"embeddable":true,"href":"https:\/\/grow-collection.com\/en\/wp-json\/wp\/v2\/comments?post=3557"}],"version-history":[{"count":4,"href":"https:\/\/grow-collection.com\/en\/wp-json\/wp\/v2\/pages\/3557\/revisions"}],"predecessor-version":[{"id":3561,"href":"https:\/\/grow-collection.com\/en\/wp-json\/wp\/v2\/pages\/3557\/revisions\/3561"}],"wp:attachment":[{"href":"https:\/\/grow-collection.com\/en\/wp-json\/wp\/v2\/media?parent=3557"}],"curies":[{"name":"wp","href":"https:\/\/api.w.org\/{rel}","templated":true}]}}