{"id":3562,"date":"2024-10-08T05:40:09","date_gmt":"2024-10-08T05:40:09","guid":{"rendered":"https:\/\/grow-collection.com\/?page_id=3562"},"modified":"2024-10-08T05:43:14","modified_gmt":"2024-10-08T05:43:14","slug":"cgv","status":"publish","type":"page","link":"https:\/\/grow-collection.com\/en\/cgv","title":{"rendered":"CGV"},"content":{"rendered":"<div data-elementor-type=\"wp-page\" data-elementor-id=\"3562\" class=\"elementor elementor-3562\" data-elementor-post-type=\"page\">\n\t\t\t\t\t\t\t<div class=\"elementor-element elementor-element-54f46ed e-flex e-con-boxed kitify-col-width-auto-no ignore-docs-style-no kitify-disable-relative-no e-root-container elementor-top-section e-con e-parent\" data-id=\"54f46ed\" data-element_type=\"container\" data-settings=\"{&quot;content_width&quot;:&quot;boxed&quot;}\" data-core-v316-plus=\"true\">\n\t\t\t\t\t<div class=\"e-con-inner\">\n\t\t\t\t<div class=\"elementor-element elementor-element-f8c91e2 elementor-heading-title elementor-widget-tablet__width-initial elementor-widget__width-initial elementor-widget elementor-widget-text-editor\" data-id=\"f8c91e2\" data-element_type=\"widget\" data-widget_type=\"text-editor.default\">\n\t\t\t\t<div class=\"elementor-widget-container\">\n\t\t\t<style>\/*! elementor - v3.18.0 - 08-12-2023 *\/\n.elementor-widget-text-editor.elementor-drop-cap-view-stacked .elementor-drop-cap{background-color:#69727d;color:#fff}.elementor-widget-text-editor.elementor-drop-cap-view-framed .elementor-drop-cap{color:#69727d;border:3px solid;background-color:transparent}.elementor-widget-text-editor:not(.elementor-drop-cap-view-default) .elementor-drop-cap{margin-top:8px}.elementor-widget-text-editor:not(.elementor-drop-cap-view-default) .elementor-drop-cap-letter{width:1em;height:1em}.elementor-widget-text-editor .elementor-drop-cap{float:left;text-align:center;line-height:1;font-size:50px}.elementor-widget-text-editor .elementor-drop-cap-letter{display:inline-block}<\/style>\t\t\t\t<h4>1 \u2013 Objet<\/h4><p>Les pr\u00e9sentes <strong>Conditions G\u00e9n\u00e9rales de Vente<\/strong> (CGV) s&rsquo;appliquent, sans restriction ni r\u00e9serve \u00e0 l&rsquo;ensemble des ventes conclues par <strong>GROW360<\/strong>, ci-apr\u00e8s d\u00e9sign\u00e9 \u00ab le Vendeur \u00bb, aupr\u00e8s d&rsquo;acheteurs non professionnels, ci-apr\u00e8s d\u00e9sign\u00e9s \u00ab les Clients \u00bb ou \u00ab le Client \u00bb, d\u00e9sirant acqu\u00e9rir les produits propos\u00e9s \u00e0 la vente par le Vendeur sur le site internet <a href=\"https:\/\/grow-collection.com\/en\/\">https:\/\/grow-collection.com\/<\/a>.<\/p><p>Ces conditions s&rsquo;appliquent \u00e0 l&rsquo;exclusion de toutes autres conditions, et notamment celles applicables pour d&rsquo;autres circuits de commercialisation des produits.<\/p><h4>2 \u2013 Produits<\/h4><p>Les produits propos\u00e9s \u00e0 la vente sont ceux qui figurent sur le site <a href=\"https:\/\/grow-collection.com\/en\/\">https:\/\/grow-collection.com\/<\/a>, dans la limite des stocks disponibles. Chaque produit est accompagn\u00e9 d\u2019un descriptif \u00e9tabli par le Vendeur.<\/p><p>Les photographies et graphismes pr\u00e9sent\u00e9s sur le site internet <a href=\"https:\/\/grow-collection.com\/en\/\">https:\/\/grow-collection.com\/<\/a> ne sont pas contractuels et ne sauraient engager la responsabilit\u00e9 du Vendeur.<\/p><h4>3 \u2013 Prix<\/h4><p>Les prix des produits sont indiqu\u00e9s en euros toutes taxes comprises (TTC), hors frais de traitement et d&rsquo;exp\u00e9dition qui restent \u00e0 la charge du Client, sauf mention ou conditions particuli\u00e8res.<\/p><p>Le Vendeur se r\u00e9serve le droit de modifier ses prix \u00e0 tout moment, mais s&rsquo;engage \u00e0 appliquer les tarifs en vigueur indiqu\u00e9s au moment de la commande, sous r\u00e9serve de disponibilit\u00e9 \u00e0 cette date.<\/p><h4>4 \u2013 Commandes<\/h4><p>Les commandes sont effectu\u00e9es sur le site internet <a href=\"https:\/\/grow-collection.com\/en\/\">https:\/\/grow-collection.com\/<\/a>. Le Client s\u00e9lectionne les produits qu&rsquo;il souhaite commander, les ajoute \u00e0 son panier, et proc\u00e8de \u00e0 la validation.<\/p><p>La vente sera consid\u00e9r\u00e9e comme d\u00e9finitive :<\/p><ul><li>Apr\u00e8s l&rsquo;envoi au Client de la confirmation de l&rsquo;acceptation de la commande par le Vendeur par email.<\/li><li>Et apr\u00e8s encaissement par le Vendeur de l&rsquo;int\u00e9gralit\u00e9 du prix.<\/li><\/ul><h4>5 \u2013 Paiement<\/h4><p>Le paiement est exigible imm\u00e9diatement \u00e0 la commande, y compris pour les produits en pr\u00e9commande. Le Client peut effectuer le r\u00e8glement par carte bancaire ou tout autre moyen de paiement propos\u00e9 par le Vendeur et accept\u00e9 sur le site.<\/p><p>Le Vendeur n&rsquo;est pas tenu de proc\u00e9der \u00e0 la livraison des produits command\u00e9s par le Client si celui-ci ne paye pas l&rsquo;int\u00e9gralit\u00e9 du prix dans les conditions ci-dessus indiqu\u00e9es.<\/p><h4>6 \u2013 Livraison<\/h4><p>Les produits sont livr\u00e9s \u00e0 l&rsquo;adresse de livraison indiqu\u00e9e par le Client lors de la commande. Le d\u00e9lai de livraison est mentionn\u00e9 lors de la commande et reste indicatif.<\/p><p>En cas de retard de livraison, le Client pourra contacter le Vendeur pour convenir d&rsquo;une nouvelle date. Si la livraison n&rsquo;est toujours pas r\u00e9alis\u00e9e dans un d\u00e9lai de 30 jours apr\u00e8s la date initialement pr\u00e9vue, le Client pourra r\u00e9silier la commande et obtenir un remboursement.<\/p><h4>7 \u2013 R\u00e9tractation<\/h4><p>Conform\u00e9ment aux dispositions l\u00e9gales en vigueur, le Client dispose d&rsquo;un d\u00e9lai de 14 jours \u00e0 compter de la r\u00e9ception du produit pour exercer son droit de r\u00e9tractation aupr\u00e8s du Vendeur, sans avoir \u00e0 justifier de motifs ni \u00e0 payer de p\u00e9nalit\u00e9s.<\/p><p>En cas d&rsquo;exercice du droit de r\u00e9tractation dans le d\u00e9lai susvis\u00e9, seul le prix du ou des produits achet\u00e9s et les frais d&rsquo;envoi seront rembours\u00e9s ; les frais de retour restant \u00e0 la charge du Client.<\/p><p>Les retours des produits sont \u00e0 effectuer dans leur \u00e9tat d&rsquo;origine et complets (emballage, accessoires, notice&#8230;).<\/p><h4>8 \u2013 Garantie<\/h4><p>Les produits fournis par le Vendeur b\u00e9n\u00e9ficient de la garantie l\u00e9gale de conformit\u00e9 pr\u00e9vue par les articles L. 217-4 et suivants du Code de la consommation ainsi que de la garantie contre les vices cach\u00e9s pr\u00e9vues par les articles 1641 et suivants du Code civil.<\/p><p>En cas de non-conformit\u00e9 d\u2019un produit vendu, il pourra \u00eatre retourn\u00e9, \u00e9chang\u00e9 ou rembours\u00e9.<\/p><p>Toutes les r\u00e9clamations, demandes d&rsquo;\u00e9change ou de remboursement doivent s&rsquo;effectuer par voie postale \u00e0 l&rsquo;adresse suivante : <strong>125 Av. Louis Roche, 92230 Gennevilliers<\/strong>, dans un d\u00e9lai de 30 jours apr\u00e8s livraison.<\/p><h4>9 \u2013 Responsabilit\u00e9<\/h4><p>Le Vendeur ne pourra \u00eatre tenu pour responsable de tout dommage direct ou indirect qui pourrait survenir \u00e0 l&rsquo;occasion de l&rsquo;achat des produits.<\/p><p>La responsabilit\u00e9 du Vendeur ne pourra en aucun cas \u00eatre engag\u00e9e en cas de non-respect de la l\u00e9gislation du pays dans lequel les produits sont livr\u00e9s.<\/p><h4>10 \u2013 Droit applicable<\/h4><p>Les pr\u00e9sentes conditions g\u00e9n\u00e9rales de vente sont soumises au droit fran\u00e7ais. En cas de litige ou de r\u00e9clamation, le Client devra s&rsquo;adresser en priorit\u00e9 au Vendeur pour obtenir une solution amiable.<\/p><h4>11 \u2013 Propri\u00e9t\u00e9 intellectuelle<\/h4><p>Tous les \u00e9l\u00e9ments du site <a href=\"https:\/\/grow-collection.com\/en\/\">https:\/\/grow-collection.com\/<\/a> sont et restent la propri\u00e9t\u00e9 intellectuelle et exclusive de <strong>GROW360<\/strong>. Nul n\u2019est autoris\u00e9 \u00e0 reproduire, exploiter, rediffuser, ou utiliser \u00e0 quelque titre que ce soit, m\u00eame partiellement, des \u00e9l\u00e9ments du site qu\u2019ils soient logiciels, visuels ou sonores.<\/p><h4>12 \u2013 Protection des donn\u00e9es personnelles<\/h4><p>Le Vendeur s&rsquo;engage \u00e0 respecter la confidentialit\u00e9 des donn\u00e9es personnelles communiqu\u00e9es par le Client et \u00e0 les traiter dans le respect de la r\u00e9glementation en vigueur.<\/p><p>Le Client dispose d\u2019un droit d\u2019acc\u00e8s, de rectification et d\u2019opposition aux donn\u00e9es personnelles le concernant, qu\u2019il peut exercer en envoyant un courrier \u00e9lectronique \u00e0 l\u2019adresse suivante : <a href=\"mailto:contact@grow360.fr\">contact@grow360.fr<\/a>.<\/p>\t\t\t\t\t\t<\/div>\n\t\t\t\t<\/div>\n\t\t\t\t\t<\/div>\n\t\t\t\t<\/div>\n\t\t\t\t\t\t\t<\/div>","protected":false},"excerpt":{"rendered":"<p>1 \u2013 Objet Les pr\u00e9sentes Conditions G\u00e9n\u00e9rales de Vente (CGV) s&rsquo;appliquent, sans restriction ni r\u00e9serve \u00e0 l&rsquo;ensemble des ventes conclues par GROW360, ci-apr\u00e8s d\u00e9sign\u00e9 \u00ab le Vendeur \u00bb, aupr\u00e8s d&rsquo;acheteurs non professionnels, ci-apr\u00e8s d\u00e9sign\u00e9s \u00ab les Clients \u00bb ou \u00ab le Client \u00bb, d\u00e9sirant acqu\u00e9rir les produits propos\u00e9s \u00e0 la vente par le Vendeur sur le site internet https:\/\/grow-collection.com\/. Ces\u2026<\/p>","protected":false},"author":1,"featured_media":0,"parent":0,"menu_order":0,"comment_status":"closed","ping_status":"closed","template":"elementor_theme","meta":{"footnotes":""},"class_list":["post-3562","page","type-page","status-publish","hentry"],"yoast_head":"<!-- This site is optimized with the Yoast SEO plugin v24.2 - https:\/\/yoast.com\/wordpress\/plugins\/seo\/ -->\n<title>CGV | Grow Collection<\/title>\n<meta name=\"robots\" content=\"index, follow, max-snippet:-1, max-image-preview:large, max-video-preview:-1\" \/>\n<link rel=\"canonical\" href=\"https:\/\/grow-collection.com\/en\/cgv\/\" \/>\n<meta property=\"og:locale\" content=\"en_US\" \/>\n<meta property=\"og:type\" content=\"article\" \/>\n<meta property=\"og:title\" content=\"CGV | Grow Collection\" \/>\n<meta property=\"og:description\" content=\"1 \u2013 Objet Les pr\u00e9sentes Conditions G\u00e9n\u00e9rales de Vente (CGV) s&rsquo;appliquent, sans restriction ni r\u00e9serve \u00e0 l&rsquo;ensemble des ventes conclues par GROW360, ci-apr\u00e8s d\u00e9sign\u00e9 \u00ab le Vendeur \u00bb, aupr\u00e8s d&rsquo;acheteurs non professionnels, ci-apr\u00e8s d\u00e9sign\u00e9s \u00ab les Clients \u00bb ou \u00ab le Client \u00bb, d\u00e9sirant acqu\u00e9rir les produits propos\u00e9s \u00e0 la vente par le Vendeur sur le site internet https:\/\/grow-collection.com\/. Ces\u2026\" \/>\n<meta property=\"og:url\" content=\"https:\/\/grow-collection.com\/en\/cgv\/\" \/>\n<meta property=\"og:site_name\" content=\"Grow Collection\" \/>\n<meta property=\"article:modified_time\" content=\"2024-10-08T05:43:14+00:00\" \/>\n<meta property=\"og:image\" content=\"https:\/\/grow-collection.com\/wp-content\/uploads\/2023\/12\/cropped-grow-collection-favicon.png\" \/>\n\t<meta property=\"og:image:width\" content=\"512\" \/>\n\t<meta property=\"og:image:height\" content=\"512\" \/>\n\t<meta property=\"og:image:type\" content=\"image\/png\" \/>\n<meta name=\"twitter:card\" content=\"summary_large_image\" \/>\n<meta name=\"twitter:label1\" content=\"Est. reading time\" \/>\n\t<meta name=\"twitter:data1\" content=\"4 minutes\" \/>\n<!-- \/ Yoast SEO plugin. -->","yoast_head_json":{"title":"CGV | Grow Collection","robots":{"index":"index","follow":"follow","max-snippet":"max-snippet:-1","max-image-preview":"max-image-preview:large","max-video-preview":"max-video-preview:-1"},"canonical":"https:\/\/grow-collection.com\/en\/cgv\/","og_locale":"en_US","og_type":"article","og_title":"CGV | Grow Collection","og_description":"1 \u2013 Objet Les pr\u00e9sentes Conditions G\u00e9n\u00e9rales de Vente (CGV) s&rsquo;appliquent, sans restriction ni r\u00e9serve \u00e0 l&rsquo;ensemble des ventes conclues par GROW360, ci-apr\u00e8s d\u00e9sign\u00e9 \u00ab le Vendeur \u00bb, aupr\u00e8s d&rsquo;acheteurs non professionnels, ci-apr\u00e8s d\u00e9sign\u00e9s \u00ab les Clients \u00bb ou \u00ab le Client \u00bb, d\u00e9sirant acqu\u00e9rir les produits propos\u00e9s \u00e0 la vente par le Vendeur sur le site internet https:\/\/grow-collection.com\/. Ces\u2026","og_url":"https:\/\/grow-collection.com\/en\/cgv\/","og_site_name":"Grow Collection","article_modified_time":"2024-10-08T05:43:14+00:00","og_image":[{"width":512,"height":512,"url":"https:\/\/grow-collection.com\/wp-content\/uploads\/2023\/12\/cropped-grow-collection-favicon.png","type":"image\/png"}],"twitter_card":"summary_large_image","twitter_misc":{"Est. reading time":"4 minutes"},"schema":{"@context":"https:\/\/schema.org","@graph":[{"@type":"WebPage","@id":"https:\/\/grow-collection.com\/cgv","url":"https:\/\/grow-collection.com\/cgv","name":"CGV | Grow Collection","isPartOf":{"@id":"https:\/\/grow-collection.com\/#website"},"datePublished":"2024-10-08T05:40:09+00:00","dateModified":"2024-10-08T05:43:14+00:00","breadcrumb":{"@id":"https:\/\/grow-collection.com\/cgv#breadcrumb"},"inLanguage":"en-US","potentialAction":[{"@type":"ReadAction","target":["https:\/\/grow-collection.com\/cgv"]}]},{"@type":"BreadcrumbList","@id":"https:\/\/grow-collection.com\/cgv#breadcrumb","itemListElement":[{"@type":"ListItem","position":1,"name":"Accueil","item":"https:\/\/grow-collection.com\/"},{"@type":"ListItem","position":2,"name":"CGV"}]},{"@type":"WebSite","@id":"https:\/\/grow-collection.com\/#website","url":"https:\/\/grow-collection.com\/","name":"GROW COLLECTION","description":"Elevate your Style, Elevate your Destiny.","publisher":{"@id":"https:\/\/grow-collection.com\/#organization"},"alternateName":"Grow Collection","potentialAction":[{"@type":"SearchAction","target":{"@type":"EntryPoint","urlTemplate":"https:\/\/grow-collection.com\/?s={search_term_string}"},"query-input":{"@type":"PropertyValueSpecification","valueRequired":true,"valueName":"search_term_string"}}],"inLanguage":"en-US"},{"@type":"Organization","@id":"https:\/\/grow-collection.com\/#organization","name":"GROW COLLECTION","url":"https:\/\/grow-collection.com\/","logo":{"@type":"ImageObject","inLanguage":"en-US","@id":"https:\/\/grow-collection.com\/#\/schema\/logo\/image\/","url":"https:\/\/grow-collection.com\/wp-content\/uploads\/2025\/01\/favicon.svg","contentUrl":"https:\/\/grow-collection.com\/wp-content\/uploads\/2025\/01\/favicon.svg","width":512,"height":512,"caption":"GROW COLLECTION"},"image":{"@id":"https:\/\/grow-collection.com\/#\/schema\/logo\/image\/"},"sameAs":["https:\/\/www.instagram.com\/grow_collection.fr"]}]}},"_links":{"self":[{"href":"https:\/\/grow-collection.com\/en\/wp-json\/wp\/v2\/pages\/3562","targetHints":{"allow":["GET"]}}],"collection":[{"href":"https:\/\/grow-collection.com\/en\/wp-json\/wp\/v2\/pages"}],"about":[{"href":"https:\/\/grow-collection.com\/en\/wp-json\/wp\/v2\/types\/page"}],"author":[{"embeddable":true,"href":"https:\/\/grow-collection.com\/en\/wp-json\/wp\/v2\/users\/1"}],"replies":[{"embeddable":true,"href":"https:\/\/grow-collection.com\/en\/wp-json\/wp\/v2\/comments?post=3562"}],"version-history":[{"count":7,"href":"https:\/\/grow-collection.com\/en\/wp-json\/wp\/v2\/pages\/3562\/revisions"}],"predecessor-version":[{"id":3570,"href":"https:\/\/grow-collection.com\/en\/wp-json\/wp\/v2\/pages\/3562\/revisions\/3570"}],"wp:attachment":[{"href":"https:\/\/grow-collection.com\/en\/wp-json\/wp\/v2\/media?parent=3562"}],"curies":[{"name":"wp","href":"https:\/\/api.w.org\/{rel}","templated":true}]}}